{"id":1122,"date":"2023-09-19T11:42:34","date_gmt":"2023-09-19T09:42:34","guid":{"rendered":"https:\/\/geneva-la-residence.com\/?page_id=1122"},"modified":"2024-02-26T16:41:59","modified_gmt":"2024-02-26T15:41:59","slug":"reserver","status":"publish","type":"page","link":"https:\/\/geneva-la-residence.com\/fr\/reserver\/","title":{"rendered":"R\u00e9server"},"content":{"rendered":"\n<div class=\"wp-block-cover is-light\" style=\"min-height:100vh;aspect-ratio:unset;\"><span aria-hidden=\"true\" class=\"wp-block-cover__background has-background-dim-40 has-background-dim\"><\/span><img decoding=\"async\" width=\"2500\" height=\"1667\" class=\"wp-block-cover__image-background wp-image-449\" alt=\"\" src=\"https:\/\/geneva-la-residence.com\/wp-content\/uploads\/2023\/08\/InterContinental-Geneva-Hotel-la-residence-suite-coming-soon.jpg\" data-object-fit=\"cover\" srcset=\"https:\/\/geneva-la-residence.com\/wp-content\/uploads\/2023\/08\/InterContinental-Geneva-Hotel-la-residence-suite-coming-soon.jpg 2500w, https:\/\/geneva-la-residence.com\/wp-content\/uploads\/2023\/08\/InterContinental-Geneva-Hotel-la-residence-suite-coming-soon-300x200.jpg 300w, https:\/\/geneva-la-residence.com\/wp-content\/uploads\/2023\/08\/InterContinental-Geneva-Hotel-la-residence-suite-coming-soon-1024x683.jpg 1024w, https:\/\/geneva-la-residence.com\/wp-content\/uploads\/2023\/08\/InterContinental-Geneva-Hotel-la-residence-suite-coming-soon-768x512.jpg 768w, https:\/\/geneva-la-residence.com\/wp-content\/uploads\/2023\/08\/InterContinental-Geneva-Hotel-la-residence-suite-coming-soon-1536x1024.jpg 1536w, https:\/\/geneva-la-residence.com\/wp-content\/uploads\/2023\/08\/InterContinental-Geneva-Hotel-la-residence-suite-coming-soon-2048x1366.jpg 2048w\" sizes=\"(max-width: 2500px) 100vw, 2500px\" \/><div class=\"wp-block-cover__inner-container is-layout-flow wp-block-cover-is-layout-flow\">\n<div class=\"wp-block-columns intro is-layout-flex wp-container-core-columns-is-layout-9d6595d7 wp-block-columns-is-layout-flex\">\n<div class=\"wp-block-column is-layout-flow wp-block-column-is-layout-flow\" style=\"flex-basis:10%\"><\/div>\n\n\n\n<div class=\"wp-block-column has-white-color has-text-color is-layout-flow wp-block-column-is-layout-flow\" style=\"flex-basis:60%\">\n<h1 class=\"wp-block-heading chars-splitting-animation\">JE R\u00c9SERVE<\/h1>\n\n\n\n<div class=\"wp-block-buttons is-layout-flex wp-block-buttons-is-layout-flex\">\n<div class=\"wp-block-button is-style-fill\"><a class=\"wp-block-button__link has-white-color has-text-color wp-element-button\" href=\"mailto:residence.intercontinental@ihg.com\">r\u00e9serveR<\/a><\/div>\n<\/div>\n\n\n\n<p class=\"has-secondary-color has-text-color has-link-color wp-elements-6747ae9f38668a87b9e269499ef5fadf\">Nos h\u00f4tes sont au centre de toutes nos attentions. <br>Pour ce que vous souhaitez, quand vous le souhaitez, il vous suffit de nous le demander.<br><br><em><a href=\"mailto:residence.intercontinental@ihg.com\">residence.intercontinental@ihg.com<\/a><\/em><\/p>\n<\/div>\n\n\n\n<div class=\"wp-block-column is-layout-flow wp-block-column-is-layout-flow\" style=\"flex-basis:30%\"><\/div>\n<\/div>\n<\/div><\/div>\n","protected":false},"excerpt":{"rendered":"","protected":false},"author":1,"featured_media":1018,"parent":0,"menu_order":0,"comment_status":"closed","ping_status":"closed","template":"","meta":{"_acf_changed":false,"footnotes":""},"class_list":["post-1122","page","type-page","status-publish","has-post-thumbnail","hentry"],"acf":[],"yoast_head":"<!-- This site is optimized with the Yoast SEO plugin v26.0 - https:\/\/yoast.com\/wordpress\/plugins\/seo\/ -->\n<title>R\u00e9server | La R\u00e9sidence | Gen\u00e8ve<\/title>\n<meta name=\"description\" content=\"D\u00e9couvrez le luxe ultime en r\u00e9servant notre suite exceptionnelle La R\u00e9sidence. Contactez-nous d\u00e8s maintenant.\" \/>\n<meta name=\"robots\" content=\"index, follow, max-snippet:-1, max-image-preview:large, max-video-preview:-1\" \/>\n<link rel=\"canonical\" href=\"https:\/\/geneva-la-residence.com\/fr\/reserver\/\" \/>\n<meta property=\"og:locale\" content=\"fr_FR\" \/>\n<meta property=\"og:type\" content=\"article\" \/>\n<meta property=\"og:title\" content=\"R\u00e9server | La R\u00e9sidence | Gen\u00e8ve\" \/>\n<meta property=\"og:description\" content=\"D\u00e9couvrez le luxe ultime en r\u00e9servant notre suite exceptionnelle La R\u00e9sidence. Contactez-nous d\u00e8s maintenant.\" \/>\n<meta property=\"og:url\" content=\"https:\/\/geneva-la-residence.com\/fr\/reserver\/\" \/>\n<meta property=\"og:site_name\" content=\"La R\u00e9sidence\" \/>\n<meta property=\"article:modified_time\" content=\"2024-02-26T15:41:59+00:00\" \/>\n<meta property=\"og:image\" content=\"https:\/\/geneva-la-residence.com\/wp-content\/uploads\/2023\/08\/InterContinental-Geneva-Hotel-la-residence-suite-coming-soon.jpg\" \/>\n\t<meta property=\"og:image:width\" content=\"2500\" \/>\n\t<meta property=\"og:image:height\" content=\"1667\" \/>\n\t<meta property=\"og:image:type\" content=\"image\/jpeg\" \/>\n<meta name=\"twitter:card\" content=\"summary_large_image\" \/>\n<meta name=\"twitter:label1\" content=\"Dur\u00e9e de lecture estim\u00e9e\" \/>\n\t<meta name=\"twitter:data1\" content=\"1 minute\" \/>\n<script type=\"application\/ld+json\" class=\"yoast-schema-graph\">{\"@context\":\"https:\/\/schema.org\",\"@graph\":[{\"@type\":\"WebPage\",\"@id\":\"https:\/\/geneva-la-residence.com\/fr\/reserver\/\",\"url\":\"https:\/\/geneva-la-residence.com\/fr\/reserver\/\",\"name\":\"R\u00e9server | La R\u00e9sidence | Gen\u00e8ve\",\"isPartOf\":{\"@id\":\"https:\/\/geneva-la-residence.com\/#website\"},\"primaryImageOfPage\":{\"@id\":\"https:\/\/geneva-la-residence.com\/fr\/reserver\/#primaryimage\"},\"image\":{\"@id\":\"https:\/\/geneva-la-residence.com\/fr\/reserver\/#primaryimage\"},\"thumbnailUrl\":\"https:\/\/geneva-la-residence.com\/wp-content\/uploads\/2023\/08\/InterContinental-Geneva-Hotel-la-residence-suite-coming-soon.jpg\",\"datePublished\":\"2023-09-19T09:42:34+00:00\",\"dateModified\":\"2024-02-26T15:41:59+00:00\",\"description\":\"D\u00e9couvrez le luxe ultime en r\u00e9servant notre suite exceptionnelle La R\u00e9sidence. Contactez-nous d\u00e8s maintenant.\",\"breadcrumb\":{\"@id\":\"https:\/\/geneva-la-residence.com\/fr\/reserver\/#breadcrumb\"},\"inLanguage\":\"fr-FR\",\"potentialAction\":[{\"@type\":\"ReadAction\",\"target\":[\"https:\/\/geneva-la-residence.com\/fr\/reserver\/\"]}]},{\"@type\":\"ImageObject\",\"inLanguage\":\"fr-FR\",\"@id\":\"https:\/\/geneva-la-residence.com\/fr\/reserver\/#primaryimage\",\"url\":\"https:\/\/geneva-la-residence.com\/wp-content\/uploads\/2023\/08\/InterContinental-Geneva-Hotel-la-residence-suite-coming-soon.jpg\",\"contentUrl\":\"https:\/\/geneva-la-residence.com\/wp-content\/uploads\/2023\/08\/InterContinental-Geneva-Hotel-la-residence-suite-coming-soon.jpg\",\"width\":2500,\"height\":1667},{\"@type\":\"BreadcrumbList\",\"@id\":\"https:\/\/geneva-la-residence.com\/fr\/reserver\/#breadcrumb\",\"itemListElement\":[{\"@type\":\"ListItem\",\"position\":1,\"name\":\"Accueil\",\"item\":\"https:\/\/geneva-la-residence.com\/fr\/\"},{\"@type\":\"ListItem\",\"position\":2,\"name\":\"R\u00e9server\"}]},{\"@type\":\"WebSite\",\"@id\":\"https:\/\/geneva-la-residence.com\/#website\",\"url\":\"https:\/\/geneva-la-residence.com\/\",\"name\":\"La R\u00e9sidence\",\"description\":\"\",\"publisher\":{\"@id\":\"https:\/\/geneva-la-residence.com\/#organization\"},\"potentialAction\":[{\"@type\":\"SearchAction\",\"target\":{\"@type\":\"EntryPoint\",\"urlTemplate\":\"https:\/\/geneva-la-residence.com\/?s={search_term_string}\"},\"query-input\":{\"@type\":\"PropertyValueSpecification\",\"valueRequired\":true,\"valueName\":\"search_term_string\"}}],\"inLanguage\":\"fr-FR\"},{\"@type\":\"Organization\",\"@id\":\"https:\/\/geneva-la-residence.com\/#organization\",\"name\":\"La R\u00e9sidence\",\"url\":\"https:\/\/geneva-la-residence.com\/\",\"logo\":{\"@type\":\"ImageObject\",\"inLanguage\":\"fr-FR\",\"@id\":\"https:\/\/geneva-la-residence.com\/#\/schema\/logo\/image\/\",\"url\":\"https:\/\/geneva-la-residence.com\/wp-content\/uploads\/2023\/08\/InterContinental-geneva-la-residence-blason.png\",\"contentUrl\":\"https:\/\/geneva-la-residence.com\/wp-content\/uploads\/2023\/08\/InterContinental-geneva-la-residence-blason.png\",\"width\":1000,\"height\":1000,\"caption\":\"La R\u00e9sidence\"},\"image\":{\"@id\":\"https:\/\/geneva-la-residence.com\/#\/schema\/logo\/image\/\"}}]}<\/script>\n<!-- \/ Yoast SEO plugin. -->","yoast_head_json":{"title":"R\u00e9server | La R\u00e9sidence | Gen\u00e8ve","description":"D\u00e9couvrez le luxe ultime en r\u00e9servant notre suite exceptionnelle La R\u00e9sidence. Contactez-nous d\u00e8s maintenant.","robots":{"index":"index","follow":"follow","max-snippet":"max-snippet:-1","max-image-preview":"max-image-preview:large","max-video-preview":"max-video-preview:-1"},"canonical":"https:\/\/geneva-la-residence.com\/fr\/reserver\/","og_locale":"fr_FR","og_type":"article","og_title":"R\u00e9server | La R\u00e9sidence | Gen\u00e8ve","og_description":"D\u00e9couvrez le luxe ultime en r\u00e9servant notre suite exceptionnelle La R\u00e9sidence. Contactez-nous d\u00e8s maintenant.","og_url":"https:\/\/geneva-la-residence.com\/fr\/reserver\/","og_site_name":"La R\u00e9sidence","article_modified_time":"2024-02-26T15:41:59+00:00","og_image":[{"width":2500,"height":1667,"url":"https:\/\/geneva-la-residence.com\/wp-content\/uploads\/2023\/08\/InterContinental-Geneva-Hotel-la-residence-suite-coming-soon.jpg","type":"image\/jpeg"}],"twitter_card":"summary_large_image","twitter_misc":{"Dur\u00e9e de lecture estim\u00e9e":"1 minute"},"schema":{"@context":"https:\/\/schema.org","@graph":[{"@type":"WebPage","@id":"https:\/\/geneva-la-residence.com\/fr\/reserver\/","url":"https:\/\/geneva-la-residence.com\/fr\/reserver\/","name":"R\u00e9server | La R\u00e9sidence | Gen\u00e8ve","isPartOf":{"@id":"https:\/\/geneva-la-residence.com\/#website"},"primaryImageOfPage":{"@id":"https:\/\/geneva-la-residence.com\/fr\/reserver\/#primaryimage"},"image":{"@id":"https:\/\/geneva-la-residence.com\/fr\/reserver\/#primaryimage"},"thumbnailUrl":"https:\/\/geneva-la-residence.com\/wp-content\/uploads\/2023\/08\/InterContinental-Geneva-Hotel-la-residence-suite-coming-soon.jpg","datePublished":"2023-09-19T09:42:34+00:00","dateModified":"2024-02-26T15:41:59+00:00","description":"D\u00e9couvrez le luxe ultime en r\u00e9servant notre suite exceptionnelle La R\u00e9sidence. Contactez-nous d\u00e8s maintenant.","breadcrumb":{"@id":"https:\/\/geneva-la-residence.com\/fr\/reserver\/#breadcrumb"},"inLanguage":"fr-FR","potentialAction":[{"@type":"ReadAction","target":["https:\/\/geneva-la-residence.com\/fr\/reserver\/"]}]},{"@type":"ImageObject","inLanguage":"fr-FR","@id":"https:\/\/geneva-la-residence.com\/fr\/reserver\/#primaryimage","url":"https:\/\/geneva-la-residence.com\/wp-content\/uploads\/2023\/08\/InterContinental-Geneva-Hotel-la-residence-suite-coming-soon.jpg","contentUrl":"https:\/\/geneva-la-residence.com\/wp-content\/uploads\/2023\/08\/InterContinental-Geneva-Hotel-la-residence-suite-coming-soon.jpg","width":2500,"height":1667},{"@type":"BreadcrumbList","@id":"https:\/\/geneva-la-residence.com\/fr\/reserver\/#breadcrumb","itemListElement":[{"@type":"ListItem","position":1,"name":"Accueil","item":"https:\/\/geneva-la-residence.com\/fr\/"},{"@type":"ListItem","position":2,"name":"R\u00e9server"}]},{"@type":"WebSite","@id":"https:\/\/geneva-la-residence.com\/#website","url":"https:\/\/geneva-la-residence.com\/","name":"La R\u00e9sidence","description":"","publisher":{"@id":"https:\/\/geneva-la-residence.com\/#organization"},"potentialAction":[{"@type":"SearchAction","target":{"@type":"EntryPoint","urlTemplate":"https:\/\/geneva-la-residence.com\/?s={search_term_string}"},"query-input":{"@type":"PropertyValueSpecification","valueRequired":true,"valueName":"search_term_string"}}],"inLanguage":"fr-FR"},{"@type":"Organization","@id":"https:\/\/geneva-la-residence.com\/#organization","name":"La R\u00e9sidence","url":"https:\/\/geneva-la-residence.com\/","logo":{"@type":"ImageObject","inLanguage":"fr-FR","@id":"https:\/\/geneva-la-residence.com\/#\/schema\/logo\/image\/","url":"https:\/\/geneva-la-residence.com\/wp-content\/uploads\/2023\/08\/InterContinental-geneva-la-residence-blason.png","contentUrl":"https:\/\/geneva-la-residence.com\/wp-content\/uploads\/2023\/08\/InterContinental-geneva-la-residence-blason.png","width":1000,"height":1000,"caption":"La R\u00e9sidence"},"image":{"@id":"https:\/\/geneva-la-residence.com\/#\/schema\/logo\/image\/"}}]}},"_links":{"self":[{"href":"https:\/\/geneva-la-residence.com\/fr\/wp-json\/wp\/v2\/pages\/1122","targetHints":{"allow":["GET"]}}],"collection":[{"href":"https:\/\/geneva-la-residence.com\/fr\/wp-json\/wp\/v2\/pages"}],"about":[{"href":"https:\/\/geneva-la-residence.com\/fr\/wp-json\/wp\/v2\/types\/page"}],"author":[{"embeddable":true,"href":"https:\/\/geneva-la-residence.com\/fr\/wp-json\/wp\/v2\/users\/1"}],"replies":[{"embeddable":true,"href":"https:\/\/geneva-la-residence.com\/fr\/wp-json\/wp\/v2\/comments?post=1122"}],"version-history":[{"count":0,"href":"https:\/\/geneva-la-residence.com\/fr\/wp-json\/wp\/v2\/pages\/1122\/revisions"}],"wp:featuredmedia":[{"embeddable":true,"href":"https:\/\/geneva-la-residence.com\/fr\/wp-json\/wp\/v2\/media\/1018"}],"wp:attachment":[{"href":"https:\/\/geneva-la-residence.com\/fr\/wp-json\/wp\/v2\/media?parent=1122"}],"curies":[{"name":"wp","href":"https:\/\/api.w.org\/{rel}","templated":true}]}}