{"id":1128,"date":"2023-09-04T10:53:13","date_gmt":"2023-09-04T08:53:13","guid":{"rendered":"https:\/\/geneva-la-residence.com\/?page_id=1128"},"modified":"2023-12-04T10:48:33","modified_gmt":"2023-12-04T09:48:33","slug":"la-suite-en-details","status":"publish","type":"page","link":"https:\/\/geneva-la-residence.com\/fr\/la-suite-en-details\/","title":{"rendered":"La suite en d\u00e9tails"},"content":{"rendered":"\n<div class=\"wp-block-cover is-light\" style=\"min-height:80vh;aspect-ratio:unset;\"><span aria-hidden=\"true\" class=\"wp-block-cover__background has-background-dim-30 has-background-dim\"><\/span><img decoding=\"async\" width=\"1920\" height=\"1280\" class=\"wp-block-cover__image-background wp-image-856\" alt=\"\" src=\"https:\/\/geneva-la-residence.com\/wp-content\/uploads\/2023\/09\/InterContinental-Geneva-Hotel-la-residence-suite-East-Wing-20.jpg\" data-object-fit=\"cover\" srcset=\"https:\/\/geneva-la-residence.com\/wp-content\/uploads\/2023\/09\/InterContinental-Geneva-Hotel-la-residence-suite-East-Wing-20.jpg 1920w, https:\/\/geneva-la-residence.com\/wp-content\/uploads\/2023\/09\/InterContinental-Geneva-Hotel-la-residence-suite-East-Wing-20-300x200.jpg 300w, https:\/\/geneva-la-residence.com\/wp-content\/uploads\/2023\/09\/InterContinental-Geneva-Hotel-la-residence-suite-East-Wing-20-1024x683.jpg 1024w, https:\/\/geneva-la-residence.com\/wp-content\/uploads\/2023\/09\/InterContinental-Geneva-Hotel-la-residence-suite-East-Wing-20-768x512.jpg 768w, https:\/\/geneva-la-residence.com\/wp-content\/uploads\/2023\/09\/InterContinental-Geneva-Hotel-la-residence-suite-East-Wing-20-1536x1024.jpg 1536w\" sizes=\"(max-width: 1920px) 100vw, 1920px\" \/><div class=\"wp-block-cover__inner-container is-layout-constrained wp-block-cover-is-layout-constrained\">\n<h2 class=\"wp-block-heading has-text-align-center has-white-color has-text-color has-large-font-size\">Concentr\u00e9 d&rsquo;\u00e9l\u00e9gance au luxe feutr\u00e9.<\/h2>\n<\/div><\/div>\n\n\n\n<div class=\"wp-block-group intro has-white-background-color has-background is-layout-constrained wp-container-core-group-is-layout-339bb5bd wp-block-group-is-layout-constrained\">\n<div style=\"height:100px\" aria-hidden=\"true\" class=\"wp-block-spacer\"><\/div>\n\n\n\n<div class=\"wp-block-group is-content-justification-center is-layout-constrained wp-container-core-group-is-layout-f02b3e01 wp-block-group-is-layout-constrained\" style=\"padding-left:0\">\n<p class=\"has-text-align-center\">Pos\u00e9e au 18\u00e8me \u00e9tage, la R\u00e9sidence domine la cit\u00e9 de Calvin. Ses int\u00e9rieurs sont une superbe illustration d&rsquo;un voyage \u00e0 travers le monde o\u00f9 l&rsquo;on se sent imm\u00e9diatement chez soi.<\/p>\n\n\n\n<p class=\"has-text-align-center\">Notre suite la plus grandiose et la plus luxueuse offre une exp\u00e9rience \u00e0 ch\u00e9rir pour toujours.<\/p>\n\n\n\n<div style=\"height:50px\" aria-hidden=\"true\" class=\"wp-block-spacer\"><\/div>\n\n\n\n<h4 class=\"wp-block-heading has-text-align-center chars-splitting-animation has-large-font-size\">Un concept de maison priv\u00e9e au 18\u00e8me \u00e9tage. Inoubliable.<\/h4>\n\n\n\n<div style=\"height:50px\" aria-hidden=\"true\" class=\"wp-block-spacer\"><\/div>\n\n\n\n<p><span><strong style=\"font-style: italic;\">Le Grand Salon Royal<\/strong><i> :<\/i><\/span> Ascenseur \/ Hall d&rsquo;entr\u00e9e . Biblioth\u00e8que \/ Galerie . Grand Salon avec Bar et Chemin\u00e9e . Grande salle \u00e0 manger . Salle de bain invit\u00e9s .<\/p>\n\n\n\n<p><\/p>\n\n\n\n<p><strong><em>La Suite R\u00e9sidentielle <strong><em>|<\/em><\/strong> Aile Est :<\/em><\/strong> Salon &amp; Grande salle \u00e0 manger . Cuisine . Salle d&rsquo;eau invit\u00e9s . Grande chambre master lit super king . Dressing . Salle de bain . Salle de massage . Hammam .<\/p>\n\n\n\n<p><\/p>\n\n\n\n<p><strong><em>La Suite Royale | West Wing<\/em><\/strong> : Salon . Salle \u00e0 manger avec coin bureau . Salle de bain invit\u00e9s . Grande chambre master lit super king . Dressing . Salle de bain . Salle de sport . Hammam .<\/p>\n\n\n\n<div style=\"height:42px\" aria-hidden=\"true\" class=\"wp-block-spacer\"><\/div>\n<\/div>\n\n\n\n<div class=\"wp-block-group is-content-justification-center is-layout-constrained wp-container-core-group-is-layout-f02b3e01 wp-block-group-is-layout-constrained\" style=\"padding-left:0\">\n<p>La R\u00e9sidence est disponible dans son int\u00e9gralit\u00e9 ou partiellement.<\/p>\n\n\n\n<p>Aussi, et pour plus d&rsquo;espace et d&rsquo;intimit\u00e9, vous pourrez prendre possession de la suite sur un \u00e9tage totalement privatis\u00e9. Ainsi, huit chambres sup\u00e9rieures et une chambre ex\u00e9cutive suppl\u00e9mentaire peuvent \u00eatre mises \u00e0 votre disposition, cr\u00e9ant ainsi un appartement de 11 chambres \u00e0 coucher.<\/p>\n\n\n\n<div style=\"height:61px\" aria-hidden=\"true\" class=\"wp-block-spacer\"><\/div>\n\n\n\n<div class=\"wp-block-group features is-layout-constrained wp-block-group-is-layout-constrained\">\n<h3 class=\"wp-block-heading has-medium-font-size\">Informations pratiques<\/h3>\n\n\n\n<div style=\"height:25px\" aria-hidden=\"true\" class=\"wp-block-spacer\"><\/div>\n\n\n\n<div class=\"wp-block-columns is-layout-flex wp-container-core-columns-is-layout-9d6595d7 wp-block-columns-is-layout-flex\">\n<div class=\"wp-block-column is-layout-flow wp-block-column-is-layout-flow\" style=\"flex-basis:33.33%\">\n<div class=\"wp-block-group is-nowrap is-layout-flex wp-container-core-group-is-layout-ad2f72ca wp-block-group-is-layout-flex\">\n<figure class=\"wp-block-image size-full is-resized\"><img decoding=\"async\" src=\"https:\/\/geneva-la-residence.com\/wp-content\/uploads\/2023\/09\/InterContinental-Geneva-Hotel-bedroom-bed-furniture-double.svg\" alt=\"\" class=\"wp-image-764\" style=\"object-fit:cover;width:30px;height:30px\"\/><\/figure>\n\n\n\n<p>2 chambres master<\/p>\n<\/div>\n<\/div>\n\n\n\n<div class=\"wp-block-column is-vertically-aligned-center is-layout-flow wp-block-column-is-layout-flow\" style=\"flex-basis:33.33%\">\n<div class=\"wp-block-group is-nowrap is-layout-flex wp-container-core-group-is-layout-ad2f72ca wp-block-group-is-layout-flex\">\n<figure class=\"wp-block-image size-full is-resized\"><img decoding=\"async\" src=\"https:\/\/geneva-la-residence.com\/wp-content\/uploads\/2023\/09\/InterContinental-Geneva-Hotel-large-windows-icon.svg\" alt=\"\" class=\"wp-image-757\" style=\"object-fit:cover;width:30px;height:30px\"\/><\/figure>\n\n\n\n<p>Fen\u00eatres de plain-pied<\/p>\n<\/div>\n<\/div>\n\n\n\n<div class=\"wp-block-column is-layout-flow wp-block-column-is-layout-flow\" style=\"flex-basis:33.33%\">\n<div class=\"wp-block-group is-nowrap is-layout-flex wp-container-core-group-is-layout-ad2f72ca wp-block-group-is-layout-flex\">\n<figure class=\"wp-block-image size-full is-resized\"><img decoding=\"async\" src=\"https:\/\/geneva-la-residence.com\/wp-content\/uploads\/2023\/09\/InterContinental-Geneva-Hotel-fireplace-icon-1.svg\" alt=\"\" class=\"wp-image-755\" style=\"width:30px;height:30px\"\/><\/figure>\n\n\n\n<p>Grand salon avec chemin\u00e9e<\/p>\n<\/div>\n<\/div>\n<\/div>\n\n\n\n<div class=\"wp-block-columns is-layout-flex wp-container-core-columns-is-layout-9d6595d7 wp-block-columns-is-layout-flex\">\n<div class=\"wp-block-column is-layout-flow wp-block-column-is-layout-flow\" style=\"flex-basis:33.33%\">\n<div class=\"wp-block-group is-nowrap is-layout-flex wp-container-core-group-is-layout-ad2f72ca wp-block-group-is-layout-flex\">\n<figure class=\"wp-block-image size-full is-resized\"><img decoding=\"async\" src=\"https:\/\/geneva-la-residence.com\/wp-content\/uploads\/2023\/09\/InterContinental-Geneva-Hotel-living-room-icon.svg\" alt=\"\" class=\"wp-image-759\" style=\"object-fit:cover;width:30px;height:30px\"\/><\/figure>\n\n\n\n<p>2 grands espaces de vie<\/p>\n<\/div>\n<\/div>\n\n\n\n<div class=\"wp-block-column is-vertically-aligned-center is-layout-flow wp-block-column-is-layout-flow\" style=\"flex-basis:33.33%\">\n<div class=\"wp-block-group is-nowrap is-layout-flex wp-container-core-group-is-layout-ad2f72ca wp-block-group-is-layout-flex\">\n<figure class=\"wp-block-image size-full is-resized\"><img decoding=\"async\" src=\"https:\/\/geneva-la-residence.com\/wp-content\/uploads\/2023\/09\/InterContinental-Geneva-Hotel-library-icon.svg\" alt=\"\" class=\"wp-image-758\" style=\"object-fit:cover;width:30px;height:30px\"\/><\/figure>\n\n\n\n<p>Biblioth\u00e8que<\/p>\n<\/div>\n<\/div>\n\n\n\n<div class=\"wp-block-column is-vertically-aligned-center is-layout-flow wp-block-column-is-layout-flow\" style=\"flex-basis:33.33%\">\n<div class=\"wp-block-group is-nowrap is-layout-flex wp-container-core-group-is-layout-ad2f72ca wp-block-group-is-layout-flex\">\n<figure class=\"wp-block-image size-full is-resized\"><img decoding=\"async\" src=\"https:\/\/geneva-la-residence.com\/wp-content\/uploads\/2023\/09\/InterContinental-Geneva-Hotel-bar-icon.svg\" alt=\"\" class=\"wp-image-752\" style=\"object-fit:cover;width:30px;height:30px\"\/><\/figure>\n\n\n\n<p>Bar<\/p>\n<\/div>\n<\/div>\n<\/div>\n\n\n\n<div class=\"wp-block-columns is-layout-flex wp-container-core-columns-is-layout-9d6595d7 wp-block-columns-is-layout-flex\">\n<div class=\"wp-block-column is-layout-flow wp-block-column-is-layout-flow\" style=\"flex-basis:33.33%\">\n<div class=\"wp-block-group is-nowrap is-layout-flex wp-container-core-group-is-layout-ad2f72ca wp-block-group-is-layout-flex\">\n<figure class=\"wp-block-image size-full is-resized\"><img decoding=\"async\" src=\"https:\/\/geneva-la-residence.com\/wp-content\/uploads\/2023\/09\/InterContinental-Geneva-Hotel-powder-room-icon.svg\" alt=\"\" class=\"wp-image-762\" style=\"object-fit:cover;width:30px;height:30px\"\/><\/figure>\n\n\n\n<p>2 salles de bain<\/p>\n<\/div>\n<\/div>\n\n\n\n<div class=\"wp-block-column is-vertically-aligned-center is-layout-flow wp-block-column-is-layout-flow\" style=\"flex-basis:33.33%\">\n<div class=\"wp-block-group is-nowrap is-layout-flex wp-container-core-group-is-layout-ad2f72ca wp-block-group-is-layout-flex\">\n<figure class=\"wp-block-image size-full is-resized\"><img decoding=\"async\" src=\"https:\/\/geneva-la-residence.com\/wp-content\/uploads\/2023\/09\/InterContinental-Geneva-Hotel-dressing-icon.svg\" alt=\"\" class=\"wp-image-765\" style=\"object-fit:cover;width:30px;height:30px\"\/><\/figure>\n\n\n\n<p>2 dressings<\/p>\n<\/div>\n<\/div>\n\n\n\n<div class=\"wp-block-column is-vertically-aligned-center is-layout-flow wp-block-column-is-layout-flow\" style=\"flex-basis:33.33%\">\n<div class=\"wp-block-group is-nowrap is-layout-flex wp-container-core-group-is-layout-ad2f72ca wp-block-group-is-layout-flex\">\n<figure class=\"wp-block-image size-full is-resized\"><img decoding=\"async\" src=\"https:\/\/geneva-la-residence.com\/wp-content\/uploads\/2023\/09\/InterContinental-Geneva-Hotel-massage-icon.svg\" alt=\"\" class=\"wp-image-760\" style=\"object-fit:cover;width:30px;height:30px\"\/><\/figure>\n\n\n\n<p>2 hammams<\/p>\n<\/div>\n<\/div>\n<\/div>\n\n\n\n<div class=\"wp-block-columns is-layout-flex wp-container-core-columns-is-layout-9d6595d7 wp-block-columns-is-layout-flex\">\n<div class=\"wp-block-column is-layout-flow wp-block-column-is-layout-flow\" style=\"flex-basis:33.33%\">\n<div class=\"wp-block-group is-nowrap is-layout-flex wp-container-core-group-is-layout-ad2f72ca wp-block-group-is-layout-flex\">\n<figure class=\"wp-block-image size-full is-resized\"><img decoding=\"async\" src=\"https:\/\/geneva-la-residence.com\/wp-content\/uploads\/2023\/09\/InterContinental-Geneva-Hotel-bathtub-icon.svg\" alt=\"\" class=\"wp-image-763\" style=\"object-fit:cover;width:30px;height:30px\"\/><\/figure>\n\n\n\n<p>2 baignoires<\/p>\n<\/div>\n<\/div>\n\n\n\n<div class=\"wp-block-column is-vertically-aligned-center is-layout-flow wp-block-column-is-layout-flow\" style=\"flex-basis:33.33%\">\n<div class=\"wp-block-group is-nowrap is-layout-flex wp-container-core-group-is-layout-ad2f72ca wp-block-group-is-layout-flex\">\n<figure class=\"wp-block-image size-full is-resized\"><img decoding=\"async\" src=\"https:\/\/geneva-la-residence.com\/wp-content\/uploads\/2023\/09\/InterContinental-Geneva-Hotel-fitness-icon.svg\" alt=\"\" class=\"wp-image-756\" style=\"object-fit:cover;width:30px;height:30px\"\/><\/figure>\n\n\n\n<p>Salle de sport<\/p>\n<\/div>\n<\/div>\n\n\n\n<div class=\"wp-block-column is-vertically-aligned-center is-layout-flow wp-block-column-is-layout-flow\" style=\"flex-basis:33.33%\">\n<div class=\"wp-block-group is-nowrap is-layout-flex wp-container-core-group-is-layout-ad2f72ca wp-block-group-is-layout-flex\">\n<figure class=\"wp-block-image size-full is-resized\"><img decoding=\"async\" src=\"https:\/\/geneva-la-residence.com\/wp-content\/uploads\/2023\/09\/InterContinental-Geneva-Hotel-massage-icon_1.svg\" alt=\"\" class=\"wp-image-761\" style=\"object-fit:cover;width:30px;height:30px\"\/><\/figure>\n\n\n\n<p>Salle de massage<\/p>\n<\/div>\n<\/div>\n<\/div>\n\n\n\n<div class=\"wp-block-columns is-layout-flex wp-container-core-columns-is-layout-9d6595d7 wp-block-columns-is-layout-flex\">\n<div class=\"wp-block-column is-layout-flow wp-block-column-is-layout-flow\" style=\"flex-basis:33.33%\">\n<div class=\"wp-block-group is-nowrap is-layout-flex wp-container-core-group-is-layout-ad2f72ca wp-block-group-is-layout-flex\">\n<figure class=\"wp-block-image size-full is-resized\"><img decoding=\"async\" src=\"https:\/\/geneva-la-residence.com\/wp-content\/uploads\/2023\/09\/InterContinental-Geneva-Hotel-elevator-icon.svg\" alt=\"\" class=\"wp-image-754\" style=\"object-fit:cover;width:30px;height:30px\"\/><\/figure>\n\n\n\n<p>Ascenseur priv\u00e9 <strong><em>sur demande<\/em><\/strong><\/p>\n<\/div>\n<\/div>\n\n\n\n<div class=\"wp-block-column is-vertically-aligned-center is-layout-flow wp-block-column-is-layout-flow\" style=\"flex-basis:33.33%\"><\/div>\n\n\n\n<div class=\"wp-block-column is-vertically-aligned-center is-layout-flow wp-block-column-is-layout-flow\" style=\"flex-basis:33.33%\"><\/div>\n<\/div>\n<\/div>\n\n\n\n<div style=\"height:100px\" aria-hidden=\"true\" class=\"wp-block-spacer\"><\/div>\n\n\n\n<h3 class=\"wp-block-heading has-medium-font-size\">Plan de l&rsquo;\u00e9tage<\/h3>\n\n\n\n<figure class=\"wp-block-image size-large\"><img decoding=\"async\" width=\"1024\" height=\"576\" src=\"https:\/\/geneva-la-residence.com\/wp-content\/uploads\/2023\/09\/InterContinental-Geneva-Hotel-floor-plan-la-residence-1024x576.jpg\" alt=\"\" class=\"wp-image-601\" srcset=\"https:\/\/geneva-la-residence.com\/wp-content\/uploads\/2023\/09\/InterContinental-Geneva-Hotel-floor-plan-la-residence-1024x576.jpg 1024w, https:\/\/geneva-la-residence.com\/wp-content\/uploads\/2023\/09\/InterContinental-Geneva-Hotel-floor-plan-la-residence-300x169.jpg 300w, https:\/\/geneva-la-residence.com\/wp-content\/uploads\/2023\/09\/InterContinental-Geneva-Hotel-floor-plan-la-residence-768x432.jpg 768w, https:\/\/geneva-la-residence.com\/wp-content\/uploads\/2023\/09\/InterContinental-Geneva-Hotel-floor-plan-la-residence-1536x864.jpg 1536w, https:\/\/geneva-la-residence.com\/wp-content\/uploads\/2023\/09\/InterContinental-Geneva-Hotel-floor-plan-la-residence-2048x1152.jpg 2048w\" sizes=\"(max-width: 1024px) 100vw, 1024px\" \/><\/figure>\n<\/div>\n\n\n\n<div style=\"height:100px\" aria-hidden=\"true\" class=\"wp-block-spacer\"><\/div>\n<\/div>\n","protected":false},"excerpt":{"rendered":"<p>Pos\u00e9e au 18\u00e8me \u00e9tage, la R\u00e9sidence domine la cit\u00e9 de Calvin. Ses int\u00e9rieurs sont une superbe illustration d&rsquo;un voyage \u00e0 travers le monde o\u00f9 l&rsquo;on se sent imm\u00e9diatement chez soi. Notre suite la plus grandiose et la plus luxueuse offre une exp\u00e9rience \u00e0 ch\u00e9rir pour toujours. Un concept de maison priv\u00e9e au 18\u00e8me \u00e9tage. Inoubliable. [&hellip;]<\/p>\n","protected":false},"author":1,"featured_media":1051,"parent":0,"menu_order":0,"comment_status":"closed","ping_status":"closed","template":"","meta":{"_acf_changed":false,"footnotes":""},"class_list":["post-1128","page","type-page","status-publish","has-post-thumbnail","hentry"],"acf":[],"yoast_head":"<!-- This site is optimized with the Yoast SEO plugin v26.0 - https:\/\/yoast.com\/wordpress\/plugins\/seo\/ -->\n<title>La suite en d\u00e9tails | La R\u00e9sidence | Gen\u00e8ve<\/title>\n<meta name=\"description\" content=\"D\u00e9couvrez les sublimes d\u00e9tails de notre suite de luxe et plongez dans l&#039;\u00e9l\u00e9gance et le confort de cet espace exclusif.\" \/>\n<meta name=\"robots\" content=\"index, follow, max-snippet:-1, max-image-preview:large, max-video-preview:-1\" \/>\n<link rel=\"canonical\" href=\"https:\/\/geneva-la-residence.com\/fr\/la-suite-en-details\/\" \/>\n<meta property=\"og:locale\" content=\"fr_FR\" \/>\n<meta property=\"og:type\" content=\"article\" \/>\n<meta property=\"og:title\" content=\"La suite en d\u00e9tails | La R\u00e9sidence | Gen\u00e8ve\" \/>\n<meta property=\"og:description\" content=\"D\u00e9couvrez les sublimes d\u00e9tails de notre suite de luxe et plongez dans l&#039;\u00e9l\u00e9gance et le confort de cet espace exclusif.\" \/>\n<meta property=\"og:url\" content=\"https:\/\/geneva-la-residence.com\/fr\/la-suite-en-details\/\" \/>\n<meta property=\"og:site_name\" content=\"La R\u00e9sidence\" \/>\n<meta property=\"article:modified_time\" content=\"2023-12-04T09:48:33+00:00\" \/>\n<meta property=\"og:image\" content=\"https:\/\/geneva-la-residence.com\/wp-content\/uploads\/2023\/09\/INTERCONTINENTAL_Royal-Residence-web.jpg\" \/>\n\t<meta property=\"og:image:width\" content=\"2048\" \/>\n\t<meta property=\"og:image:height\" content=\"1365\" \/>\n\t<meta property=\"og:image:type\" content=\"image\/jpeg\" \/>\n<meta name=\"twitter:card\" content=\"summary_large_image\" \/>\n<meta name=\"twitter:label1\" content=\"Dur\u00e9e de lecture estim\u00e9e\" \/>\n\t<meta name=\"twitter:data1\" content=\"5 minutes\" \/>\n<script type=\"application\/ld+json\" class=\"yoast-schema-graph\">{\"@context\":\"https:\/\/schema.org\",\"@graph\":[{\"@type\":\"WebPage\",\"@id\":\"https:\/\/geneva-la-residence.com\/fr\/la-suite-en-details\/\",\"url\":\"https:\/\/geneva-la-residence.com\/fr\/la-suite-en-details\/\",\"name\":\"La suite en d\u00e9tails | La R\u00e9sidence | Gen\u00e8ve\",\"isPartOf\":{\"@id\":\"https:\/\/geneva-la-residence.com\/#website\"},\"primaryImageOfPage\":{\"@id\":\"https:\/\/geneva-la-residence.com\/fr\/la-suite-en-details\/#primaryimage\"},\"image\":{\"@id\":\"https:\/\/geneva-la-residence.com\/fr\/la-suite-en-details\/#primaryimage\"},\"thumbnailUrl\":\"https:\/\/geneva-la-residence.com\/wp-content\/uploads\/2023\/09\/INTERCONTINENTAL_Royal-Residence-web.jpg\",\"datePublished\":\"2023-09-04T08:53:13+00:00\",\"dateModified\":\"2023-12-04T09:48:33+00:00\",\"description\":\"D\u00e9couvrez les sublimes d\u00e9tails de notre suite de luxe et plongez dans l'\u00e9l\u00e9gance et le confort de cet espace exclusif.\",\"breadcrumb\":{\"@id\":\"https:\/\/geneva-la-residence.com\/fr\/la-suite-en-details\/#breadcrumb\"},\"inLanguage\":\"fr-FR\",\"potentialAction\":[{\"@type\":\"ReadAction\",\"target\":[\"https:\/\/geneva-la-residence.com\/fr\/la-suite-en-details\/\"]}]},{\"@type\":\"ImageObject\",\"inLanguage\":\"fr-FR\",\"@id\":\"https:\/\/geneva-la-residence.com\/fr\/la-suite-en-details\/#primaryimage\",\"url\":\"https:\/\/geneva-la-residence.com\/wp-content\/uploads\/2023\/09\/INTERCONTINENTAL_Royal-Residence-web.jpg\",\"contentUrl\":\"https:\/\/geneva-la-residence.com\/wp-content\/uploads\/2023\/09\/INTERCONTINENTAL_Royal-Residence-web.jpg\",\"width\":2048,\"height\":1365},{\"@type\":\"BreadcrumbList\",\"@id\":\"https:\/\/geneva-la-residence.com\/fr\/la-suite-en-details\/#breadcrumb\",\"itemListElement\":[{\"@type\":\"ListItem\",\"position\":1,\"name\":\"Accueil\",\"item\":\"https:\/\/geneva-la-residence.com\/fr\/\"},{\"@type\":\"ListItem\",\"position\":2,\"name\":\"La suite en d\u00e9tails\"}]},{\"@type\":\"WebSite\",\"@id\":\"https:\/\/geneva-la-residence.com\/#website\",\"url\":\"https:\/\/geneva-la-residence.com\/\",\"name\":\"La R\u00e9sidence\",\"description\":\"\",\"publisher\":{\"@id\":\"https:\/\/geneva-la-residence.com\/#organization\"},\"potentialAction\":[{\"@type\":\"SearchAction\",\"target\":{\"@type\":\"EntryPoint\",\"urlTemplate\":\"https:\/\/geneva-la-residence.com\/?s={search_term_string}\"},\"query-input\":{\"@type\":\"PropertyValueSpecification\",\"valueRequired\":true,\"valueName\":\"search_term_string\"}}],\"inLanguage\":\"fr-FR\"},{\"@type\":\"Organization\",\"@id\":\"https:\/\/geneva-la-residence.com\/#organization\",\"name\":\"La R\u00e9sidence\",\"url\":\"https:\/\/geneva-la-residence.com\/\",\"logo\":{\"@type\":\"ImageObject\",\"inLanguage\":\"fr-FR\",\"@id\":\"https:\/\/geneva-la-residence.com\/#\/schema\/logo\/image\/\",\"url\":\"https:\/\/geneva-la-residence.com\/wp-content\/uploads\/2023\/08\/InterContinental-geneva-la-residence-blason.png\",\"contentUrl\":\"https:\/\/geneva-la-residence.com\/wp-content\/uploads\/2023\/08\/InterContinental-geneva-la-residence-blason.png\",\"width\":1000,\"height\":1000,\"caption\":\"La R\u00e9sidence\"},\"image\":{\"@id\":\"https:\/\/geneva-la-residence.com\/#\/schema\/logo\/image\/\"}}]}<\/script>\n<!-- \/ Yoast SEO plugin. -->","yoast_head_json":{"title":"La suite en d\u00e9tails | La R\u00e9sidence | Gen\u00e8ve","description":"D\u00e9couvrez les sublimes d\u00e9tails de notre suite de luxe et plongez dans l'\u00e9l\u00e9gance et le confort de cet espace exclusif.","robots":{"index":"index","follow":"follow","max-snippet":"max-snippet:-1","max-image-preview":"max-image-preview:large","max-video-preview":"max-video-preview:-1"},"canonical":"https:\/\/geneva-la-residence.com\/fr\/la-suite-en-details\/","og_locale":"fr_FR","og_type":"article","og_title":"La suite en d\u00e9tails | La R\u00e9sidence | Gen\u00e8ve","og_description":"D\u00e9couvrez les sublimes d\u00e9tails de notre suite de luxe et plongez dans l'\u00e9l\u00e9gance et le confort de cet espace exclusif.","og_url":"https:\/\/geneva-la-residence.com\/fr\/la-suite-en-details\/","og_site_name":"La R\u00e9sidence","article_modified_time":"2023-12-04T09:48:33+00:00","og_image":[{"width":2048,"height":1365,"url":"https:\/\/geneva-la-residence.com\/wp-content\/uploads\/2023\/09\/INTERCONTINENTAL_Royal-Residence-web.jpg","type":"image\/jpeg"}],"twitter_card":"summary_large_image","twitter_misc":{"Dur\u00e9e de lecture estim\u00e9e":"5 minutes"},"schema":{"@context":"https:\/\/schema.org","@graph":[{"@type":"WebPage","@id":"https:\/\/geneva-la-residence.com\/fr\/la-suite-en-details\/","url":"https:\/\/geneva-la-residence.com\/fr\/la-suite-en-details\/","name":"La suite en d\u00e9tails | La R\u00e9sidence | Gen\u00e8ve","isPartOf":{"@id":"https:\/\/geneva-la-residence.com\/#website"},"primaryImageOfPage":{"@id":"https:\/\/geneva-la-residence.com\/fr\/la-suite-en-details\/#primaryimage"},"image":{"@id":"https:\/\/geneva-la-residence.com\/fr\/la-suite-en-details\/#primaryimage"},"thumbnailUrl":"https:\/\/geneva-la-residence.com\/wp-content\/uploads\/2023\/09\/INTERCONTINENTAL_Royal-Residence-web.jpg","datePublished":"2023-09-04T08:53:13+00:00","dateModified":"2023-12-04T09:48:33+00:00","description":"D\u00e9couvrez les sublimes d\u00e9tails de notre suite de luxe et plongez dans l'\u00e9l\u00e9gance et le confort de cet espace exclusif.","breadcrumb":{"@id":"https:\/\/geneva-la-residence.com\/fr\/la-suite-en-details\/#breadcrumb"},"inLanguage":"fr-FR","potentialAction":[{"@type":"ReadAction","target":["https:\/\/geneva-la-residence.com\/fr\/la-suite-en-details\/"]}]},{"@type":"ImageObject","inLanguage":"fr-FR","@id":"https:\/\/geneva-la-residence.com\/fr\/la-suite-en-details\/#primaryimage","url":"https:\/\/geneva-la-residence.com\/wp-content\/uploads\/2023\/09\/INTERCONTINENTAL_Royal-Residence-web.jpg","contentUrl":"https:\/\/geneva-la-residence.com\/wp-content\/uploads\/2023\/09\/INTERCONTINENTAL_Royal-Residence-web.jpg","width":2048,"height":1365},{"@type":"BreadcrumbList","@id":"https:\/\/geneva-la-residence.com\/fr\/la-suite-en-details\/#breadcrumb","itemListElement":[{"@type":"ListItem","position":1,"name":"Accueil","item":"https:\/\/geneva-la-residence.com\/fr\/"},{"@type":"ListItem","position":2,"name":"La suite en d\u00e9tails"}]},{"@type":"WebSite","@id":"https:\/\/geneva-la-residence.com\/#website","url":"https:\/\/geneva-la-residence.com\/","name":"La R\u00e9sidence","description":"","publisher":{"@id":"https:\/\/geneva-la-residence.com\/#organization"},"potentialAction":[{"@type":"SearchAction","target":{"@type":"EntryPoint","urlTemplate":"https:\/\/geneva-la-residence.com\/?s={search_term_string}"},"query-input":{"@type":"PropertyValueSpecification","valueRequired":true,"valueName":"search_term_string"}}],"inLanguage":"fr-FR"},{"@type":"Organization","@id":"https:\/\/geneva-la-residence.com\/#organization","name":"La R\u00e9sidence","url":"https:\/\/geneva-la-residence.com\/","logo":{"@type":"ImageObject","inLanguage":"fr-FR","@id":"https:\/\/geneva-la-residence.com\/#\/schema\/logo\/image\/","url":"https:\/\/geneva-la-residence.com\/wp-content\/uploads\/2023\/08\/InterContinental-geneva-la-residence-blason.png","contentUrl":"https:\/\/geneva-la-residence.com\/wp-content\/uploads\/2023\/08\/InterContinental-geneva-la-residence-blason.png","width":1000,"height":1000,"caption":"La R\u00e9sidence"},"image":{"@id":"https:\/\/geneva-la-residence.com\/#\/schema\/logo\/image\/"}}]}},"_links":{"self":[{"href":"https:\/\/geneva-la-residence.com\/fr\/wp-json\/wp\/v2\/pages\/1128","targetHints":{"allow":["GET"]}}],"collection":[{"href":"https:\/\/geneva-la-residence.com\/fr\/wp-json\/wp\/v2\/pages"}],"about":[{"href":"https:\/\/geneva-la-residence.com\/fr\/wp-json\/wp\/v2\/types\/page"}],"author":[{"embeddable":true,"href":"https:\/\/geneva-la-residence.com\/fr\/wp-json\/wp\/v2\/users\/1"}],"replies":[{"embeddable":true,"href":"https:\/\/geneva-la-residence.com\/fr\/wp-json\/wp\/v2\/comments?post=1128"}],"version-history":[{"count":0,"href":"https:\/\/geneva-la-residence.com\/fr\/wp-json\/wp\/v2\/pages\/1128\/revisions"}],"wp:featuredmedia":[{"embeddable":true,"href":"https:\/\/geneva-la-residence.com\/fr\/wp-json\/wp\/v2\/media\/1051"}],"wp:attachment":[{"href":"https:\/\/geneva-la-residence.com\/fr\/wp-json\/wp\/v2\/media?parent=1128"}],"curies":[{"name":"wp","href":"https:\/\/api.w.org\/{rel}","templated":true}]}}