{"id":1353,"date":"2023-10-31T10:06:40","date_gmt":"2023-10-31T09:06:40","guid":{"rendered":"https:\/\/geneva-la-residence.com\/?page_id=1353"},"modified":"2023-12-04T10:48:28","modified_gmt":"2023-12-04T09:48:28","slug":"politique-cookies","status":"publish","type":"page","link":"https:\/\/geneva-la-residence.com\/fr\/politique-cookies\/","title":{"rendered":"Politique cookies"},"content":{"rendered":"\n<div class=\"wp-block-group has-white-background-color has-background is-layout-constrained wp-block-group-is-layout-constrained\">\n<div style=\"height:100px\" aria-hidden=\"true\" class=\"wp-block-spacer\"><\/div>\n\n\n\n<h1 class=\"wp-block-heading has-text-align-center\">Politique cookies<\/h1>\n\n\n\n<div class=\"wp-block-columns is-layout-flex wp-container-core-columns-is-layout-9d6595d7 wp-block-columns-is-layout-flex\">\n<div class=\"wp-block-column is-layout-flow wp-block-column-is-layout-flow\" style=\"flex-basis:15%\"><\/div>\n\n\n\n<div class=\"wp-block-column is-layout-flow wp-block-column-is-layout-flow\">\n<div style=\"height:30px\" aria-hidden=\"true\" class=\"wp-block-spacer\"><\/div>\n\n\n\n<h3 class=\"wp-block-heading\">1. Qu\u2019est-ce qu\u2019un \u00ab Cookie \u00bb<\/h3>\n\n\n\n<p>Un cookie (ou t\u00e9moin de connexion) est d\u00e9fini par le protocole de communication HTTP comme \u00e9tant une suite d\u2019informations envoy\u00e9e par un serveur HTTP \u00e0 un client HTTP, que ce dernier retourne lors de chaque interrogation du m\u00eame serveur HTTP sous certaines conditions.<br>Le cookie est l\u2019\u00e9quivalent d\u2019un fichier texte de petite taille, stock\u00e9 sur le terminal de l\u2019internaute.<br>Il est envoy\u00e9 en tant qu\u2019en-t\u00eate HTTP par le serveur web au navigateur web qui le renvoie inchang\u00e9 \u00e0 chaque fois qu\u2019il acc\u00e8de au serveur.<br>Un cookie peut \u00eatre utilis\u00e9 pour une authentification, une session (maintenance d\u2019\u00e9tat), et pour stocker une information sp\u00e9cifique sur l\u2019utilisateur, comme les pr\u00e9f\u00e9rences d\u2019un site ou le contenu d\u2019un panier d\u2019achat \u00e9lectronique.<br>\u00c9tant g\u00e9n\u00e9ralement stock\u00e9s sous forme de simples fichier texte, les cookies ne sont pas ex\u00e9cutables. Ils ne sont ni des logiciels espions ni des virus.<br>La plupart des navigateurs r\u00e9cents permettent aux utilisateurs de d\u00e9cider s\u2019ils acceptent ou rejettent les cookies. Les utilisateurs peuvent aussi choisir la dur\u00e9e de stockage des cookies. Toutefois, le rejet complet des cookies rend certains sites inutilisables.<br>Par exemple, les paniers d\u2019achat de magasins ou les sites qui exigent une connexion \u00e0 un espace client par exemple. Source :&nbsp;<a href=\"http:\/\/www.wikipedia.org\/\">www.<\/a><a href=\"https:\/\/www.wikipedia.org\/\">wikipedia<\/a><a href=\"http:\/\/www.wikipedia.org\/\">.org<\/a>&nbsp;.<\/p>\n\n\n\n<h3 class=\"wp-block-heading\">2. Utilisation des \u00abcookies\u00bb sur notre site<\/h3>\n\n\n\n<p>A chaque connexion \u00e0 notre site, sous r\u00e9serve de vos choix, divers cookies sont susceptibles d\u2019\u00eatre install\u00e9s dans votre terminal afin de nous permettre de reconnaitre le navigateur internet utilis\u00e9 par exemple.<br>Ce sont des cookies li\u00e9s au fonctionnement m\u00eame du site internet.<br>Ces cookies permettent :<br>\u2013 la g\u00e9n\u00e9ration de statistiques d\u2019utilisation des \u00e9l\u00e9ments pr\u00e9sents sur notre site (rubriques, sous-rubriques, produits, services etc\u2026) afin d\u2019am\u00e9liorer au quotidien l\u2019exp\u00e9rience de votre visite.<br>\u2013 l\u2019adaptation de l\u2019ergonomie et de l\u2019UX design de notre site aux pr\u00e9f\u00e9rences d\u2019affichage de votre terminal (langue d\u2019utilisation, r\u00e9solution d\u2019affichage etc\u2026) lors de votre navigation.<br>\u2013 l\u2019association de vos coordonn\u00e9es ou donn\u00e9es personnelles et des informations de navigation lors de votre inscription ou de l\u2019acc\u00e8s \u00e0 nos produits et services, afin de vous adresser, des courriels susceptibles de vous int\u00e9resser.<br>\u2013 L\u2019enregistrement par votre navigateur internet d\u2019informations relatives \u00e0 un formulaire que vous avez rempli sur notre site (inscription ou acc\u00e8s \u00e0 un espace client par exemple) ou \u00e0 nos produits et services (service souscrit ou les d\u00e9tails d\u2019une r\u00e9servation par exemple).<br>\u2013 L\u2019acc\u00e8s \u00e0 des espaces de navigation r\u00e9serv\u00e9s sur notre site internet tel qu\u2019un espace client par exemple, via des identifiants et donn\u00e9es que vous nous avez confi\u00e9s ult\u00e9rieurement.<br>\u2013 La mise en \u0153uvre de mesures de s\u00e9curit\u00e9, par exemple lors d\u2019une invitation \u00e0 vous re connecter \u00e0 tout ou partie du site internet, ou \u00e0 un de nos produits et services pass\u00e9 un certain laps de temps.<br>Attention, le refus d\u2019utilisation de ces cookies peut impacter la qualit\u00e9 de votre visite et l\u2019exp\u00e9rience utilisateur.<br>Pour en savoir plus sur les cookies et leur fonctionnement, rendez-vous sur :&nbsp;<a href=\"http:\/\/www.allaboutcookies.org\/\" target=\"_blank\" rel=\"noreferrer noopener\">www.allaboutcookies.org<\/a><\/p>\n\n\n\n<h3 class=\"wp-block-heading\">3. Utilisation des \u00abcookies\u00bb tierce partie<\/h3>\n\n\n\n<p>Les images et autres objets contenus dans une page web peuvent r\u00e9sider dans des serveurs diff\u00e9rents de celui h\u00e9bergeant la page. Pour afficher la page, le navigateur t\u00e9l\u00e9charge tous ces objets. La plupart des sites web contiennent des informations provenant de diff\u00e9rentes sources.<br>Par exemple, si vous saisissez www.exemple.com dans votre navigateur, il y aura souvent des objets ou des publicit\u00e9s sur une partie de la page qui proviendront de sources diff\u00e9rentes, c\u2019est-\u00e0-dire d\u2019un domaine diff\u00e9rent de www.exemple.com.<br>Les cookies \u00ab premi\u00e8re \u00bb partie sont des cookies qui sont mis en place par le domaine inscrit dans la barre d\u2019adresse du navigateur. Les cookies tierce partie sont mis en place par l\u2019un des objets de la page qui proviennent d\u2019un domaine diff\u00e9rent.<br>Par d\u00e9faut, les navigateurs comme Mozilla Firefox, Microsoft Internet Explorer et Opera acceptent les cookies tierce partie, mais les utilisateurs peuvent changer les param\u00e8tres dans les options du navigateur pour les bloquer.<br>Il n\u2019y a pas de risque de s\u00e9curit\u00e9 inh\u00e9rent aux cookies tierce partie qui permettent des fonctionnalit\u00e9s pour le web.<br>Ces cookies tierce partie peuvent par exemple nous permettre de r\u00e9aliser des statistiques (via Google Analytics ou Xiti par exemple), de proposer des contenus cibl\u00e9s sur base de vos centres d\u2019int\u00e9r\u00eats, de vos pr\u00e9f\u00e9rences, ou d\u2019identifier le site internet tiers d\u2019origine vous ayant redirig\u00e9 vers notre site internet par exemple.<br>Ces cookies tierce partie peuvent \u00e9galement permettre de vous identifier et de partager tout ou partie d\u2019un contenu de notre site internet sur les r\u00e9seaux sociaux via les fonctionnalit\u00e9s \u00abpartager\u00bb ou \u00abj\u2019aime\u00bb par exemple.<br>Pour en savoir plus sur l\u2019utilisation des cookies par diff\u00e9rents r\u00e9seaux sociaux (liste non exhaustive), rendez-vous sur :<br>Facebook :&nbsp;<a rel=\"noreferrer noopener\" href=\"https:\/\/www.facebook.com\/about\/ads\" target=\"_blank\">https:\/\/www.facebook.com\/about\/ads<\/a><br>Instagram :&nbsp;<a rel=\"noreferrer noopener\" href=\"https:\/\/help.instagram.com\/1896641480634370?ref=ig\" target=\"_blank\">https:\/\/help.instagram.com\/1896641480634370?ref=ig<\/a><br>Twitter :&nbsp;<a rel=\"noreferrer noopener\" href=\"https:\/\/support.twitter.com\/articles\/20170518\" target=\"_blank\">https:\/\/support.twitter.com\/articles\/20170518<\/a><br>Snapchat :&nbsp;<a rel=\"noreferrer noopener\" href=\"https:\/\/www.snap.com\/fr-FR\/cookie-policy\/\" target=\"_blank\">https:\/\/www.snap.com\/fr-FR\/cookie-policy\/<\/a><br>Google+ :&nbsp;<a rel=\"noreferrer noopener\" href=\"http:\/\/www.google.com\/policies\/technologies\/cookies\/\" target=\"_blank\">http:\/\/www.google.com\/policies\/technologies\/cookies\/<\/a><br>Pinterest :&nbsp;<a rel=\"noreferrer noopener\" href=\"https:\/\/help.pinterest.com\/fr\/articles\/personalization-and-data\" target=\"_blank\">https:\/\/help.pinterest.com\/fr\/articles\/personalization-and-data<\/a><\/p>\n\n\n\n<h3 class=\"wp-block-heading\">4. Configuration des \u00abcookies\u00bb sur un navigateur internet<\/h3>\n\n\n\n<p>Pour en savoir plus, sur le param\u00e9trage et la configuration des cookies dans votre navigateur, rendez-vous sur les liens suivants:<br>pour Chrome\u2122:&nbsp;<a rel=\"noreferrer noopener\" href=\"http:\/\/support.google.com\/chrome\/bin\/answer.py?hl=fr&amp;hlrm=en&amp;answer=95647\" target=\"_blank\">http:\/\/support.google.com\/chrome\/bin\/answer.py?hl=fr&amp;hlrm=en&amp;answer=95647<\/a>&nbsp;;<br>pour Safari\u2122 :&nbsp;<a rel=\"noreferrer noopener\" href=\"http:\/\/www.apple.com\/fr\/privacy\/use-of-cookies\" target=\"_blank\">http:\/\/www.apple.com\/fr\/privacy\/use-of-cookies<\/a>&nbsp;;<br>pour Microsoft Edge\u2122 :&nbsp;<a rel=\"noreferrer noopener\" href=\"https:\/\/privacy.microsoft.com\/fr-fr\/windows-10-microsoft-edge-and-privacy\" target=\"_blank\">https:\/\/privacy.microsoft.com\/fr-fr\/windows-10-microsoft-edge-and-privacy<\/a>&nbsp;;<br>pour Firefox\u2122 :&nbsp;<a rel=\"noreferrer noopener\" href=\"http:\/\/support.mozilla.org\/fr\/kb\/Activer%20et%20d%C3%A9sactiver%20les%20cookies\" target=\"_blank\">http:\/\/support.mozilla.org\/fr\/kb\/Activer%20et%20d%C3%A9sactiver%20les%20cookies<\/a>&nbsp;;<br>pour Opera\u2122 :&nbsp;<a rel=\"noreferrer noopener\" href=\"http:\/\/help.opera.com\/Windows\/10.20\/fr\/cookies.html\" target=\"_blank\">http:\/\/help.opera.com\/Windows\/10.20\/fr\/cookies.html<\/a>.<\/p>\n\n\n\n<p>Pour tout autre navigateur, nous vous invitons \u00e0 faire des recherches sur le moteur de recherche internet de votre choix, ou de vous rapprocher de votre responsable ou fournisseur de solutions informatiques.<\/p>\n<\/div>\n\n\n\n<div class=\"wp-block-column is-layout-flow wp-block-column-is-layout-flow\" style=\"flex-basis:15%\"><\/div>\n<\/div>\n<\/div>\n","protected":false},"excerpt":{"rendered":"<p>Politique cookies 1. Qu\u2019est-ce qu\u2019un \u00ab Cookie \u00bb Un cookie (ou t\u00e9moin de connexion) est d\u00e9fini par le protocole de communication HTTP comme \u00e9tant une suite d\u2019informations envoy\u00e9e par un serveur HTTP \u00e0 un client HTTP, que ce dernier retourne lors de chaque interrogation du m\u00eame serveur HTTP sous certaines conditions.Le cookie est l\u2019\u00e9quivalent d\u2019un [&hellip;]<\/p>\n","protected":false},"author":1,"featured_media":0,"parent":0,"menu_order":0,"comment_status":"closed","ping_status":"closed","template":"","meta":{"_acf_changed":false,"footnotes":""},"class_list":["post-1353","page","type-page","status-publish","hentry"],"acf":[],"yoast_head":"<!-- This site is optimized with the Yoast SEO plugin v26.0 - https:\/\/yoast.com\/wordpress\/plugins\/seo\/ -->\n<title>Politique cookies | La R\u00e9sidence | Gen\u00e8ve<\/title>\n<meta name=\"robots\" content=\"index, follow, max-snippet:-1, max-image-preview:large, max-video-preview:-1\" \/>\n<link rel=\"canonical\" href=\"https:\/\/geneva-la-residence.com\/fr\/politique-cookies\/\" \/>\n<meta property=\"og:locale\" content=\"fr_FR\" \/>\n<meta property=\"og:type\" content=\"article\" \/>\n<meta property=\"og:title\" content=\"Politique cookies | La R\u00e9sidence | Gen\u00e8ve\" \/>\n<meta property=\"og:description\" content=\"Politique cookies 1. Qu\u2019est-ce qu\u2019un \u00ab Cookie \u00bb Un cookie (ou t\u00e9moin de connexion) est d\u00e9fini par le protocole de communication HTTP comme \u00e9tant une suite d\u2019informations envoy\u00e9e par un serveur HTTP \u00e0 un client HTTP, que ce dernier retourne lors de chaque interrogation du m\u00eame serveur HTTP sous certaines conditions.Le cookie est l\u2019\u00e9quivalent d\u2019un [&hellip;]\" \/>\n<meta property=\"og:url\" content=\"https:\/\/geneva-la-residence.com\/fr\/politique-cookies\/\" \/>\n<meta property=\"og:site_name\" content=\"La R\u00e9sidence\" \/>\n<meta property=\"article:modified_time\" content=\"2023-12-04T09:48:28+00:00\" \/>\n<meta name=\"twitter:card\" content=\"summary_large_image\" \/>\n<meta name=\"twitter:label1\" content=\"Dur\u00e9e de lecture estim\u00e9e\" \/>\n\t<meta name=\"twitter:data1\" content=\"4 minutes\" \/>\n<script type=\"application\/ld+json\" class=\"yoast-schema-graph\">{\"@context\":\"https:\/\/schema.org\",\"@graph\":[{\"@type\":\"WebPage\",\"@id\":\"https:\/\/geneva-la-residence.com\/fr\/politique-cookies\/\",\"url\":\"https:\/\/geneva-la-residence.com\/fr\/politique-cookies\/\",\"name\":\"Politique cookies | La R\u00e9sidence | Gen\u00e8ve\",\"isPartOf\":{\"@id\":\"https:\/\/geneva-la-residence.com\/#website\"},\"datePublished\":\"2023-10-31T09:06:40+00:00\",\"dateModified\":\"2023-12-04T09:48:28+00:00\",\"breadcrumb\":{\"@id\":\"https:\/\/geneva-la-residence.com\/fr\/politique-cookies\/#breadcrumb\"},\"inLanguage\":\"fr-FR\",\"potentialAction\":[{\"@type\":\"ReadAction\",\"target\":[\"https:\/\/geneva-la-residence.com\/fr\/politique-cookies\/\"]}]},{\"@type\":\"BreadcrumbList\",\"@id\":\"https:\/\/geneva-la-residence.com\/fr\/politique-cookies\/#breadcrumb\",\"itemListElement\":[{\"@type\":\"ListItem\",\"position\":1,\"name\":\"Accueil\",\"item\":\"https:\/\/geneva-la-residence.com\/fr\/\"},{\"@type\":\"ListItem\",\"position\":2,\"name\":\"Politique cookies\"}]},{\"@type\":\"WebSite\",\"@id\":\"https:\/\/geneva-la-residence.com\/#website\",\"url\":\"https:\/\/geneva-la-residence.com\/\",\"name\":\"La R\u00e9sidence\",\"description\":\"\",\"publisher\":{\"@id\":\"https:\/\/geneva-la-residence.com\/#organization\"},\"potentialAction\":[{\"@type\":\"SearchAction\",\"target\":{\"@type\":\"EntryPoint\",\"urlTemplate\":\"https:\/\/geneva-la-residence.com\/?s={search_term_string}\"},\"query-input\":{\"@type\":\"PropertyValueSpecification\",\"valueRequired\":true,\"valueName\":\"search_term_string\"}}],\"inLanguage\":\"fr-FR\"},{\"@type\":\"Organization\",\"@id\":\"https:\/\/geneva-la-residence.com\/#organization\",\"name\":\"La R\u00e9sidence\",\"url\":\"https:\/\/geneva-la-residence.com\/\",\"logo\":{\"@type\":\"ImageObject\",\"inLanguage\":\"fr-FR\",\"@id\":\"https:\/\/geneva-la-residence.com\/#\/schema\/logo\/image\/\",\"url\":\"https:\/\/geneva-la-residence.com\/wp-content\/uploads\/2023\/08\/InterContinental-geneva-la-residence-blason.png\",\"contentUrl\":\"https:\/\/geneva-la-residence.com\/wp-content\/uploads\/2023\/08\/InterContinental-geneva-la-residence-blason.png\",\"width\":1000,\"height\":1000,\"caption\":\"La R\u00e9sidence\"},\"image\":{\"@id\":\"https:\/\/geneva-la-residence.com\/#\/schema\/logo\/image\/\"}}]}<\/script>\n<!-- \/ Yoast SEO plugin. -->","yoast_head_json":{"title":"Politique cookies | La R\u00e9sidence | Gen\u00e8ve","robots":{"index":"index","follow":"follow","max-snippet":"max-snippet:-1","max-image-preview":"max-image-preview:large","max-video-preview":"max-video-preview:-1"},"canonical":"https:\/\/geneva-la-residence.com\/fr\/politique-cookies\/","og_locale":"fr_FR","og_type":"article","og_title":"Politique cookies | La R\u00e9sidence | Gen\u00e8ve","og_description":"Politique cookies 1. Qu\u2019est-ce qu\u2019un \u00ab Cookie \u00bb Un cookie (ou t\u00e9moin de connexion) est d\u00e9fini par le protocole de communication HTTP comme \u00e9tant une suite d\u2019informations envoy\u00e9e par un serveur HTTP \u00e0 un client HTTP, que ce dernier retourne lors de chaque interrogation du m\u00eame serveur HTTP sous certaines conditions.Le cookie est l\u2019\u00e9quivalent d\u2019un [&hellip;]","og_url":"https:\/\/geneva-la-residence.com\/fr\/politique-cookies\/","og_site_name":"La R\u00e9sidence","article_modified_time":"2023-12-04T09:48:28+00:00","twitter_card":"summary_large_image","twitter_misc":{"Dur\u00e9e de lecture estim\u00e9e":"4 minutes"},"schema":{"@context":"https:\/\/schema.org","@graph":[{"@type":"WebPage","@id":"https:\/\/geneva-la-residence.com\/fr\/politique-cookies\/","url":"https:\/\/geneva-la-residence.com\/fr\/politique-cookies\/","name":"Politique cookies | La R\u00e9sidence | Gen\u00e8ve","isPartOf":{"@id":"https:\/\/geneva-la-residence.com\/#website"},"datePublished":"2023-10-31T09:06:40+00:00","dateModified":"2023-12-04T09:48:28+00:00","breadcrumb":{"@id":"https:\/\/geneva-la-residence.com\/fr\/politique-cookies\/#breadcrumb"},"inLanguage":"fr-FR","potentialAction":[{"@type":"ReadAction","target":["https:\/\/geneva-la-residence.com\/fr\/politique-cookies\/"]}]},{"@type":"BreadcrumbList","@id":"https:\/\/geneva-la-residence.com\/fr\/politique-cookies\/#breadcrumb","itemListElement":[{"@type":"ListItem","position":1,"name":"Accueil","item":"https:\/\/geneva-la-residence.com\/fr\/"},{"@type":"ListItem","position":2,"name":"Politique cookies"}]},{"@type":"WebSite","@id":"https:\/\/geneva-la-residence.com\/#website","url":"https:\/\/geneva-la-residence.com\/","name":"La R\u00e9sidence","description":"","publisher":{"@id":"https:\/\/geneva-la-residence.com\/#organization"},"potentialAction":[{"@type":"SearchAction","target":{"@type":"EntryPoint","urlTemplate":"https:\/\/geneva-la-residence.com\/?s={search_term_string}"},"query-input":{"@type":"PropertyValueSpecification","valueRequired":true,"valueName":"search_term_string"}}],"inLanguage":"fr-FR"},{"@type":"Organization","@id":"https:\/\/geneva-la-residence.com\/#organization","name":"La R\u00e9sidence","url":"https:\/\/geneva-la-residence.com\/","logo":{"@type":"ImageObject","inLanguage":"fr-FR","@id":"https:\/\/geneva-la-residence.com\/#\/schema\/logo\/image\/","url":"https:\/\/geneva-la-residence.com\/wp-content\/uploads\/2023\/08\/InterContinental-geneva-la-residence-blason.png","contentUrl":"https:\/\/geneva-la-residence.com\/wp-content\/uploads\/2023\/08\/InterContinental-geneva-la-residence-blason.png","width":1000,"height":1000,"caption":"La R\u00e9sidence"},"image":{"@id":"https:\/\/geneva-la-residence.com\/#\/schema\/logo\/image\/"}}]}},"_links":{"self":[{"href":"https:\/\/geneva-la-residence.com\/fr\/wp-json\/wp\/v2\/pages\/1353","targetHints":{"allow":["GET"]}}],"collection":[{"href":"https:\/\/geneva-la-residence.com\/fr\/wp-json\/wp\/v2\/pages"}],"about":[{"href":"https:\/\/geneva-la-residence.com\/fr\/wp-json\/wp\/v2\/types\/page"}],"author":[{"embeddable":true,"href":"https:\/\/geneva-la-residence.com\/fr\/wp-json\/wp\/v2\/users\/1"}],"replies":[{"embeddable":true,"href":"https:\/\/geneva-la-residence.com\/fr\/wp-json\/wp\/v2\/comments?post=1353"}],"version-history":[{"count":0,"href":"https:\/\/geneva-la-residence.com\/fr\/wp-json\/wp\/v2\/pages\/1353\/revisions"}],"wp:attachment":[{"href":"https:\/\/geneva-la-residence.com\/fr\/wp-json\/wp\/v2\/media?parent=1353"}],"curies":[{"name":"wp","href":"https:\/\/api.w.org\/{rel}","templated":true}]}}