{"id":1358,"date":"2023-10-31T10:08:48","date_gmt":"2023-10-31T09:08:48","guid":{"rendered":"https:\/\/geneva-la-residence.com\/?page_id=1358"},"modified":"2023-12-04T10:48:31","modified_gmt":"2023-12-04T09:48:31","slug":"mentions-legales","status":"publish","type":"page","link":"https:\/\/geneva-la-residence.com\/fr\/mentions-legales\/","title":{"rendered":"Mentions L\u00e9gales"},"content":{"rendered":"\n<div class=\"wp-block-group has-white-background-color has-background is-layout-constrained wp-block-group-is-layout-constrained\">\n<div style=\"height:100px\" aria-hidden=\"true\" class=\"wp-block-spacer\"><\/div>\n\n\n\n<h1 class=\"wp-block-heading has-text-align-center\">Mentions L\u00e9gales<\/h1>\n\n\n\n<div class=\"wp-block-columns is-layout-flex wp-container-core-columns-is-layout-9d6595d7 wp-block-columns-is-layout-flex\">\n<div class=\"wp-block-column is-layout-flow wp-block-column-is-layout-flow\" style=\"flex-basis:15%\"><\/div>\n\n\n\n<div class=\"wp-block-column is-layout-flow wp-block-column-is-layout-flow\">\n<div style=\"height:30px\" aria-hidden=\"true\" class=\"wp-block-spacer\"><\/div>\n\n\n\n<h3 class=\"wp-block-heading has-text-align-left\">Directeur de la publication<\/h3>\n\n\n\n<p>InterContinental Gen\u00e8ve<br>Direction: SALES &amp; MARKETING<br>Adresse de l\u2019h\u00f4tel : 7 \u2013 9 Chemin du Petit Saconnex, CH-1209 Gen\u00e8ve, SUISSE<br>T\u00e9l\u00e9phone : +41 22 919 39 39<\/p>\n\n\n\n<h3 class=\"wp-block-heading has-text-align-left\">Identification de l\u2019\u00e9diteur du site<\/h3>\n\n\n\n<p>InterContinental Gen\u00e8ve<br>Direction: SALES &amp; MARKETING<br>Adresse de l\u2019h\u00f4tel : 7 \u2013 9 Chemin du Petit Saconnex, CH-1209 Gen\u00e8ve, SUISSE<br>T\u00e9l\u00e9phone : +41 22 919 39 39<\/p>\n\n\n\n<h3 class=\"wp-block-heading has-text-align-left\">Cr\u00e9dits photos<\/h3>\n\n\n\n<p class=\"has-black-color has-text-color\">InterContinental Gen\u00e8ve<\/p>\n\n\n\n<h3 class=\"wp-block-heading has-text-align-left\">Conception et r\u00e9alisation du site<\/h3>\n\n\n\n<p><a href=\"https:\/\/netsive.com\" target=\"_blank\" rel=\"noreferrer noopener nofollow\">Netsive Agence Marketing &amp; Communication<\/a><br>8 Zone Industrielle Am Bruch,<br>3327 Crauthem,<br>Luxembourg<\/p>\n\n\n\n<h3 class=\"wp-block-heading has-text-align-left\">H\u00e9bergement<\/h3>\n\n\n\n<p>Netsive Agence Marketing &amp; Communication<br>8 Zone Industrielle Am Bruch,<br>3327 Crauthem,<br>Luxembourg<\/p>\n\n\n\n<h3 class=\"wp-block-heading has-text-align-left\">Limitation de responsabilit\u00e9<\/h3>\n\n\n\n<p>L\u2019utilisateur reconna\u00eet avoir pris connaissance des pr\u00e9sentes conditions d\u2019utilisation et s\u2019engage \u00e0 les respecter.<br>L\u2019utilisateur du site reconna\u00eet disposer de la comp\u00e9tence et des moyens n\u00e9cessaires pour acc\u00e9der et utiliser ce site.<br>L\u2019internaute reconna\u00eet avoir v\u00e9rifi\u00e9 que la configuration informatique utilis\u00e9e ne contient aucun virus et qu\u2019elle est en parfait \u00e9tat de fonctionnement.<br>Le site https:\/\/geneva-la-residence.com\/ met tout en \u0153uvre pour offrir \u00e0 ces internautes des informations et\/ou des outils disponibles et v\u00e9rifi\u00e9s mais ne saurait \u00eatre tenue pour responsable des erreurs, d\u2019une absence de disponibilit\u00e9 des fonctionnalit\u00e9s.<\/p>\n\n\n\n<h3 class=\"wp-block-heading has-text-align-left\">Propri\u00e9t\u00e9 intellectuelle<\/h3>\n\n\n\n<p class=\"has-text-color-color has-text-color\">La structure g\u00e9n\u00e9rale ainsi que les logiciels, textes, images anim\u00e9es ou non, son savoir-faire et tous les autres \u00e9l\u00e9ments composant le site sont la propri\u00e9t\u00e9 exclusive d\u2019InterContinental Gen\u00e8ve.<br>Toute repr\u00e9sentation totale ou partielle de ce site par quelle que personne que ce soit, sans l\u2019autorisation expresse d\u2019InterContinental Gen\u00e8ve est interdite et constituerait une contrefa\u00e7on sanctionn\u00e9e par les articles L. 335-2 et suivants du Code de la propri\u00e9t\u00e9 intellectuelle.<\/p>\n\n\n\n<h3 class=\"wp-block-heading has-text-align-left\">Informatique et libert\u00e9s<\/h3>\n\n\n\n<p class=\"has-text-color-color has-text-color\">Le site https:\/\/geneva.intercontinental.com a fait l\u2019objet d\u2019un avis favorable de la Commission de l\u2019Informatique et des Libert\u00e9s (CNIL). Conform\u00e9ment aux articles 26 et 27 de la Loi N\u00b078-17 \u00ab Informatiques et Libert\u00e9s \u00bb du 6 janvier 1978, les utilisateurs peuvent s\u2019opposer (partiellement ou totalement) \u00e0 la diffusion d\u2019informations les concernant sur ce site. Tout abonn\u00e9 \u00e0 notre newsletter peut exercer son droit d\u2019acc\u00e8s et de rectification des donn\u00e9es le concernant sur simple demande aupr\u00e8s d\u2019InterContinental Gen\u00e8ve.<br>Chaque utilisateur du site dispose d\u2019un droit d\u2019acc\u00e8s (article 34 \u00e0 38, Loi N\u00b078-17 \u00ab Informatiques et Libert\u00e9s \u00bb du 6 janvier 1978 modifi\u00e9e par la loi du 6 ao\u00fbt 2004) et d\u2019un droit de rectification et de suppression (article 36) des donn\u00e9es personnelles le concernant. Les utilisateurs peuvent demander que soient rectifi\u00e9es, compl\u00e9t\u00e9es, clarifi\u00e9es, mises \u00e0 jour ou effac\u00e9es les informations les concernant qui seraient inexactes, incompl\u00e8tes, p\u00e9rim\u00e9es, ou dont l\u2019utilisation, la communication ou la conservation est interdite. Les utilisateurs peuvent \u00e0 tout moment exercer ce droit en contactant via le formulaire de notre page contact.<\/p>\n\n\n\n<h3 class=\"wp-block-heading has-text-align-left\">Logiciels et outils statistiques<\/h3>\n\n\n\n<p>Le site utilise \u00ab Google Analytics \u00bb, un service d\u2019analyse de site Internet fourni par Google Inc.<br>Le module Google Analytics int\u00e9gr\u00e9 au site utilise des cookies, qui sont des fichiers texte plac\u00e9s sur l\u2019ordinateur des utilisateurs (dans le navigateur Web), qui ont pour vocation d\u2019aider \u00e0 analyser l\u2019audience et l\u2019utilisation du site par les internautes.<br>Les donn\u00e9es g\u00e9n\u00e9r\u00e9es par les cookies concernant l\u2019utilisation du site (y compris l\u2019adresse IP) sont transmises et stock\u00e9es par Google sur des serveurs situ\u00e9s aux Etats-Unis. Google utilisera cette information dans le but d\u2019\u00e9valuer l\u2019utilisation du site, de compiler des rapports sur l\u2019activit\u00e9 du site \u00e0 destination de son \u00e9diteur, et de fournir d\u2019autres services relatifs \u00e0 l\u2019activit\u00e9 du site et \u00e0 l\u2019utilisation d\u2019Internet.<br>Google est susceptible de communiquer ces donn\u00e9es \u00e0 des tiers en cas d\u2019obligation l\u00e9gale ou lorsque des tiers traitent ces donn\u00e9es pour le compte de Google, y compris notamment l\u2019\u00e9diteur du site https:\/\/geneva-la-residence.com\/.<br>Google ne recoupera pas l\u2019adresse IP avec toute autre donn\u00e9e d\u00e9tenue par Google.<br>Il est possible de d\u00e9sactiver l\u2019utilisation de cookies en s\u00e9lectionnant les param\u00e8tres appropri\u00e9s du navigateur des utilisateurs. Cependant, une telle d\u00e9sactivation pourrait emp\u00eacher l\u2019utilisation de certaines fonctionnalit\u00e9s de ce site. En utilisant ce site Internet, les utilisateurs consentent express\u00e9ment au traitement des donn\u00e9es nominatives par Google dans les conditions et pour les finalit\u00e9s d\u00e9crites ci-dessus.<\/p>\n\n\n\n<h3 class=\"wp-block-heading has-text-align-left\">Litige et M\u00e9diation<\/h3>\n\n\n\n<p class=\"has-text-color-color has-text-color\">En cas de litige, le Client pourra adresser une r\u00e9clamation au service R\u00e9servations de l\u2019InterContinental Gen\u00e8ve, afin de rechercher une solution amiable.<\/p>\n\n\n\n<p class=\"has-text-color-color has-text-color\">Le Client pourra \u00e9galement avoir gratuitement recours \u00e0 un m\u00e9diateur. Pour ce faire, le Client devra respecter la proc\u00e9dure l\u00e9gale suivante :<\/p>\n\n\n\n<p class=\"has-text-color-color has-text-color\">\u2013 Adresser une r\u00e9clamation \u00e9crite au service R\u00e9servations de l\u2019InterContinental Gen\u00e8ve, \u00e0 l\u2019adresse suivante : InterContinental Gen\u00e8ve \u2013 7 \u2013 9 Chemin du Petit Saconnex, CH \u2013 1209 Gen\u00e8ve, SUISSE.<br>\u2013 Si les n\u00e9gociations n\u2019aboutissent pas, saisir le m\u00e9diateur comp\u00e9tent dans un d\u00e9lai d\u2019un an apr\u00e8s l\u2019envoi de ladite r\u00e9clamation.<br>\u2013 Le m\u00e9diateur comp\u00e9tent pour les litiges concernant L\u2019InterContinental Gen\u00e8ve est le suivant : M\u00e9diateur du tourisme et voyage BP 80303 Paris Cedex 17 \u2013 75823 France<\/p>\n\n\n\n<p class=\"has-text-color-color has-text-color\">Email: info@mtv.travel Tel. : +33 (0) 1 42 67 96 68 Website: http:\/\/www.mtv.travel<\/p>\n\n\n\n<p class=\"has-text-color-color has-text-color\">Par ailleurs, le Client peut \u00e9galement consulter le site internet de r\u00e8glement en ligne des litiges de consommation de l\u2019Union Europ\u00e9enne, afin d\u2019obtenir de l\u2019aide dans ses d\u00e9marches : http:\/\/ec.europa.eu\/odr<\/p>\n\n\n\n<h3 class=\"wp-block-heading has-text-align-left\">Information sur l&rsquo;existence de la liste d&rsquo;opposition au d\u00e9marchage t\u00e9l\u00e9phonique<\/h3>\n\n\n\n<p>Les consommateurs peuvent \u00eatre invit\u00e9s \u00e0 indiquer leur num\u00e9ro de t\u00e9l\u00e9phone lors du remplissage de certains formulaires de demande sur notre site internet : https:\/\/geneva-la-residence.com\/ comme par exemple lors d\u2019une demande de r\u00e9servation de s\u00e9jour \u00ab informations clients \u00bb.<\/p>\n\n\n\n<p class=\"has-text-color-color has-text-color\">Selon l\u2019article L.223-2 du code de la consommation, vous disposez d\u2019un droit pour vous inscrire sur la liste d\u2019opposition au d\u00e9marchage t\u00e9l\u00e9phonique li\u00e9e au dispositif Bloctel.<\/p>\n\n\n\n<p>Lorsqu\u2019un professionnel est amen\u00e9 \u00e0 recueillir aupr\u00e8s d\u2019un consommateur des donn\u00e9es t\u00e9l\u00e9phoniques, il l\u2019informe de son droit \u00e0 s\u2019inscrire sur la liste d\u2019opposition au d\u00e9marchage t\u00e9l\u00e9phonique.<br>Lorsque ce recueil d\u2019information se fait \u00e0 l\u2019occasion de la conclusion d\u2019un contrat, le contrat mentionne, de mani\u00e8re claire et compr\u00e9hensible, l\u2019existence de ce droit pour le consommateur.<\/p>\n\n\n\n<p class=\"has-text-color-color has-text-color\">Vous trouverez les renseignements relatifs \u00e0 ce dispositif sur le site internet : http:\/\/www.bloctel.gouv.fr\/<\/p>\n<\/div>\n\n\n\n<div class=\"wp-block-column is-layout-flow wp-block-column-is-layout-flow\" style=\"flex-basis:15%\"><\/div>\n<\/div>\n<\/div>\n","protected":false},"excerpt":{"rendered":"<p>Mentions L\u00e9gales Directeur de la publication InterContinental Gen\u00e8veDirection: SALES &amp; MARKETINGAdresse de l\u2019h\u00f4tel : 7 \u2013 9 Chemin du Petit Saconnex, CH-1209 Gen\u00e8ve, SUISSET\u00e9l\u00e9phone : +41 22 919 39 39 Identification de l\u2019\u00e9diteur du site InterContinental Gen\u00e8veDirection: SALES &amp; MARKETINGAdresse de l\u2019h\u00f4tel : 7 \u2013 9 Chemin du Petit Saconnex, CH-1209 Gen\u00e8ve, SUISSET\u00e9l\u00e9phone : +41 [&hellip;]<\/p>\n","protected":false},"author":1,"featured_media":0,"parent":0,"menu_order":0,"comment_status":"closed","ping_status":"closed","template":"","meta":{"_acf_changed":false,"footnotes":""},"class_list":["post-1358","page","type-page","status-publish","hentry"],"acf":[],"yoast_head":"<!-- This site is optimized with the Yoast SEO plugin v26.0 - https:\/\/yoast.com\/wordpress\/plugins\/seo\/ -->\n<title>Mentions L\u00e9gales | La R\u00e9sidence | Gen\u00e8ve<\/title>\n<meta name=\"robots\" content=\"index, follow, max-snippet:-1, max-image-preview:large, max-video-preview:-1\" \/>\n<link rel=\"canonical\" href=\"https:\/\/geneva-la-residence.com\/fr\/mentions-legales\/\" \/>\n<meta property=\"og:locale\" content=\"fr_FR\" \/>\n<meta property=\"og:type\" content=\"article\" \/>\n<meta property=\"og:title\" content=\"Mentions L\u00e9gales | La R\u00e9sidence | Gen\u00e8ve\" \/>\n<meta property=\"og:description\" content=\"Mentions L\u00e9gales Directeur de la publication InterContinental Gen\u00e8veDirection: SALES &amp; MARKETINGAdresse de l\u2019h\u00f4tel : 7 \u2013 9 Chemin du Petit Saconnex, CH-1209 Gen\u00e8ve, SUISSET\u00e9l\u00e9phone : +41 22 919 39 39 Identification de l\u2019\u00e9diteur du site InterContinental Gen\u00e8veDirection: SALES &amp; MARKETINGAdresse de l\u2019h\u00f4tel : 7 \u2013 9 Chemin du Petit Saconnex, CH-1209 Gen\u00e8ve, SUISSET\u00e9l\u00e9phone : +41 [&hellip;]\" \/>\n<meta property=\"og:url\" content=\"https:\/\/geneva-la-residence.com\/fr\/mentions-legales\/\" \/>\n<meta property=\"og:site_name\" content=\"La R\u00e9sidence\" \/>\n<meta property=\"article:modified_time\" content=\"2023-12-04T09:48:31+00:00\" \/>\n<meta name=\"twitter:card\" content=\"summary_large_image\" \/>\n<meta name=\"twitter:label1\" content=\"Dur\u00e9e de lecture estim\u00e9e\" \/>\n\t<meta name=\"twitter:data1\" content=\"5 minutes\" \/>\n<script type=\"application\/ld+json\" class=\"yoast-schema-graph\">{\"@context\":\"https:\/\/schema.org\",\"@graph\":[{\"@type\":\"WebPage\",\"@id\":\"https:\/\/geneva-la-residence.com\/fr\/mentions-legales\/\",\"url\":\"https:\/\/geneva-la-residence.com\/fr\/mentions-legales\/\",\"name\":\"Mentions L\u00e9gales | La R\u00e9sidence | Gen\u00e8ve\",\"isPartOf\":{\"@id\":\"https:\/\/geneva-la-residence.com\/#website\"},\"datePublished\":\"2023-10-31T09:08:48+00:00\",\"dateModified\":\"2023-12-04T09:48:31+00:00\",\"breadcrumb\":{\"@id\":\"https:\/\/geneva-la-residence.com\/fr\/mentions-legales\/#breadcrumb\"},\"inLanguage\":\"fr-FR\",\"potentialAction\":[{\"@type\":\"ReadAction\",\"target\":[\"https:\/\/geneva-la-residence.com\/fr\/mentions-legales\/\"]}]},{\"@type\":\"BreadcrumbList\",\"@id\":\"https:\/\/geneva-la-residence.com\/fr\/mentions-legales\/#breadcrumb\",\"itemListElement\":[{\"@type\":\"ListItem\",\"position\":1,\"name\":\"Accueil\",\"item\":\"https:\/\/geneva-la-residence.com\/fr\/\"},{\"@type\":\"ListItem\",\"position\":2,\"name\":\"Mentions L\u00e9gales\"}]},{\"@type\":\"WebSite\",\"@id\":\"https:\/\/geneva-la-residence.com\/#website\",\"url\":\"https:\/\/geneva-la-residence.com\/\",\"name\":\"La R\u00e9sidence\",\"description\":\"\",\"publisher\":{\"@id\":\"https:\/\/geneva-la-residence.com\/#organization\"},\"potentialAction\":[{\"@type\":\"SearchAction\",\"target\":{\"@type\":\"EntryPoint\",\"urlTemplate\":\"https:\/\/geneva-la-residence.com\/?s={search_term_string}\"},\"query-input\":{\"@type\":\"PropertyValueSpecification\",\"valueRequired\":true,\"valueName\":\"search_term_string\"}}],\"inLanguage\":\"fr-FR\"},{\"@type\":\"Organization\",\"@id\":\"https:\/\/geneva-la-residence.com\/#organization\",\"name\":\"La R\u00e9sidence\",\"url\":\"https:\/\/geneva-la-residence.com\/\",\"logo\":{\"@type\":\"ImageObject\",\"inLanguage\":\"fr-FR\",\"@id\":\"https:\/\/geneva-la-residence.com\/#\/schema\/logo\/image\/\",\"url\":\"https:\/\/geneva-la-residence.com\/wp-content\/uploads\/2023\/08\/InterContinental-geneva-la-residence-blason.png\",\"contentUrl\":\"https:\/\/geneva-la-residence.com\/wp-content\/uploads\/2023\/08\/InterContinental-geneva-la-residence-blason.png\",\"width\":1000,\"height\":1000,\"caption\":\"La R\u00e9sidence\"},\"image\":{\"@id\":\"https:\/\/geneva-la-residence.com\/#\/schema\/logo\/image\/\"}}]}<\/script>\n<!-- \/ Yoast SEO plugin. -->","yoast_head_json":{"title":"Mentions L\u00e9gales | La R\u00e9sidence | Gen\u00e8ve","robots":{"index":"index","follow":"follow","max-snippet":"max-snippet:-1","max-image-preview":"max-image-preview:large","max-video-preview":"max-video-preview:-1"},"canonical":"https:\/\/geneva-la-residence.com\/fr\/mentions-legales\/","og_locale":"fr_FR","og_type":"article","og_title":"Mentions L\u00e9gales | La R\u00e9sidence | Gen\u00e8ve","og_description":"Mentions L\u00e9gales Directeur de la publication InterContinental Gen\u00e8veDirection: SALES &amp; MARKETINGAdresse de l\u2019h\u00f4tel : 7 \u2013 9 Chemin du Petit Saconnex, CH-1209 Gen\u00e8ve, SUISSET\u00e9l\u00e9phone : +41 22 919 39 39 Identification de l\u2019\u00e9diteur du site InterContinental Gen\u00e8veDirection: SALES &amp; MARKETINGAdresse de l\u2019h\u00f4tel : 7 \u2013 9 Chemin du Petit Saconnex, CH-1209 Gen\u00e8ve, SUISSET\u00e9l\u00e9phone : +41 [&hellip;]","og_url":"https:\/\/geneva-la-residence.com\/fr\/mentions-legales\/","og_site_name":"La R\u00e9sidence","article_modified_time":"2023-12-04T09:48:31+00:00","twitter_card":"summary_large_image","twitter_misc":{"Dur\u00e9e de lecture estim\u00e9e":"5 minutes"},"schema":{"@context":"https:\/\/schema.org","@graph":[{"@type":"WebPage","@id":"https:\/\/geneva-la-residence.com\/fr\/mentions-legales\/","url":"https:\/\/geneva-la-residence.com\/fr\/mentions-legales\/","name":"Mentions L\u00e9gales | La R\u00e9sidence | Gen\u00e8ve","isPartOf":{"@id":"https:\/\/geneva-la-residence.com\/#website"},"datePublished":"2023-10-31T09:08:48+00:00","dateModified":"2023-12-04T09:48:31+00:00","breadcrumb":{"@id":"https:\/\/geneva-la-residence.com\/fr\/mentions-legales\/#breadcrumb"},"inLanguage":"fr-FR","potentialAction":[{"@type":"ReadAction","target":["https:\/\/geneva-la-residence.com\/fr\/mentions-legales\/"]}]},{"@type":"BreadcrumbList","@id":"https:\/\/geneva-la-residence.com\/fr\/mentions-legales\/#breadcrumb","itemListElement":[{"@type":"ListItem","position":1,"name":"Accueil","item":"https:\/\/geneva-la-residence.com\/fr\/"},{"@type":"ListItem","position":2,"name":"Mentions L\u00e9gales"}]},{"@type":"WebSite","@id":"https:\/\/geneva-la-residence.com\/#website","url":"https:\/\/geneva-la-residence.com\/","name":"La R\u00e9sidence","description":"","publisher":{"@id":"https:\/\/geneva-la-residence.com\/#organization"},"potentialAction":[{"@type":"SearchAction","target":{"@type":"EntryPoint","urlTemplate":"https:\/\/geneva-la-residence.com\/?s={search_term_string}"},"query-input":{"@type":"PropertyValueSpecification","valueRequired":true,"valueName":"search_term_string"}}],"inLanguage":"fr-FR"},{"@type":"Organization","@id":"https:\/\/geneva-la-residence.com\/#organization","name":"La R\u00e9sidence","url":"https:\/\/geneva-la-residence.com\/","logo":{"@type":"ImageObject","inLanguage":"fr-FR","@id":"https:\/\/geneva-la-residence.com\/#\/schema\/logo\/image\/","url":"https:\/\/geneva-la-residence.com\/wp-content\/uploads\/2023\/08\/InterContinental-geneva-la-residence-blason.png","contentUrl":"https:\/\/geneva-la-residence.com\/wp-content\/uploads\/2023\/08\/InterContinental-geneva-la-residence-blason.png","width":1000,"height":1000,"caption":"La R\u00e9sidence"},"image":{"@id":"https:\/\/geneva-la-residence.com\/#\/schema\/logo\/image\/"}}]}},"_links":{"self":[{"href":"https:\/\/geneva-la-residence.com\/fr\/wp-json\/wp\/v2\/pages\/1358","targetHints":{"allow":["GET"]}}],"collection":[{"href":"https:\/\/geneva-la-residence.com\/fr\/wp-json\/wp\/v2\/pages"}],"about":[{"href":"https:\/\/geneva-la-residence.com\/fr\/wp-json\/wp\/v2\/types\/page"}],"author":[{"embeddable":true,"href":"https:\/\/geneva-la-residence.com\/fr\/wp-json\/wp\/v2\/users\/1"}],"replies":[{"embeddable":true,"href":"https:\/\/geneva-la-residence.com\/fr\/wp-json\/wp\/v2\/comments?post=1358"}],"version-history":[{"count":0,"href":"https:\/\/geneva-la-residence.com\/fr\/wp-json\/wp\/v2\/pages\/1358\/revisions"}],"wp:attachment":[{"href":"https:\/\/geneva-la-residence.com\/fr\/wp-json\/wp\/v2\/media?parent=1358"}],"curies":[{"name":"wp","href":"https:\/\/api.w.org\/{rel}","templated":true}]}}